{"id":19,"date":"2021-04-07T22:28:06","date_gmt":"2021-04-07T22:28:06","guid":{"rendered":"http:\/\/drmaximilianoklein.com.ar\/?page_id=19"},"modified":"2021-04-13T16:31:17","modified_gmt":"2021-04-13T16:31:17","slug":"urologia","status":"publish","type":"page","link":"https:\/\/drmaximilianoklein.com.ar\/index.php\/urologia\/","title":{"rendered":"Urologia"},"content":{"rendered":"\t\t<div data-elementor-type=\"wp-page\" data-elementor-id=\"19\" class=\"elementor elementor-19\" data-elementor-settings=\"[]\">\n\t\t\t\t\t\t\t<div class=\"elementor-section-wrap\">\n\t\t\t\t\t\t\t<section class=\"elementor-section elementor-top-section elementor-element elementor-element-f18702d elementor-section-boxed elementor-section-height-default elementor-section-height-default\" data-id=\"f18702d\" data-element_type=\"section\" data-settings=\"{&quot;background_background&quot;:&quot;classic&quot;}\">\n\t\t\t\t\t\t<div class=\"elementor-container elementor-column-gap-wide\">\n\t\t\t\t\t<div class=\"elementor-column elementor-col-100 elementor-top-column elementor-element elementor-element-247617b\" data-id=\"247617b\" data-element_type=\"column\">\n\t\t\t<div class=\"elementor-widget-wrap elementor-element-populated\">\n\t\t\t\t\t\t\t\t<div class=\"elementor-element elementor-element-ed78707 elementor-widget elementor-widget-heading\" data-id=\"ed78707\" data-element_type=\"widget\" data-widget_type=\"heading.default\">\n\t\t\t\t<div class=\"elementor-widget-container\">\n\t\t\t<h4 class=\"elementor-heading-title elementor-size-default\">UROLOG\u00cdA<\/h4>\t\t<\/div>\n\t\t\t\t<\/div>\n\t\t\t\t<div class=\"elementor-element elementor-element-88fe7e8 elementor-widget elementor-widget-text-editor\" data-id=\"88fe7e8\" data-element_type=\"widget\" data-widget_type=\"text-editor.default\">\n\t\t\t\t<div class=\"elementor-widget-container\">\n\t\t\t\t\t<div class=\"elementor-text-editor elementor-clearfix\"><p class=\"p1\">FIMOSIS<\/p><p class=\"p1\"><span style=\"font-style: inherit; font-weight: inherit; font-family: var( --e-global-typography-text-font-family ), Sans-serif;\">La fimosis es la imposibilidad de retraer el prepucio, que es la piel del pene que recubre el glande. Consiste en la<\/span><span class=\"Apple-converted-space\" style=\"font-style: inherit; font-weight: inherit; font-family: var( --e-global-typography-text-font-family ), Sans-serif;\">\u00a0 <\/span><span style=\"font-style: inherit; font-weight: inherit; font-family: var( --e-global-typography-text-font-family ), Sans-serif;\">generaci\u00f3n de un anillo fibr\u00f3tico<\/span><span class=\"Apple-converted-space\" style=\"font-style: inherit; font-weight: inherit; font-family: var( --e-global-typography-text-font-family ), Sans-serif;\">\u00a0 <\/span><span style=\"font-style: inherit; font-weight: inherit; font-family: var( --e-global-typography-text-font-family ), Sans-serif;\">que impide el correcto<\/span><span class=\"Apple-converted-space\" style=\"font-style: inherit; font-weight: inherit; font-family: var( --e-global-typography-text-font-family ), Sans-serif;\">\u00a0 <\/span><span style=\"font-style: inherit; font-weight: inherit; font-family: var( --e-global-typography-text-font-family ), Sans-serif;\">deslizamiento de esta<\/span><span class=\"Apple-converted-space\" style=\"font-style: inherit; font-weight: inherit; font-family: var( --e-global-typography-text-font-family ), Sans-serif;\">\u00a0 <\/span><span style=\"font-style: inherit; font-weight: inherit; font-family: var( --e-global-typography-text-font-family ), Sans-serif;\">piel<\/span><span class=\"Apple-converted-space\" style=\"font-style: inherit; font-weight: inherit; font-family: var( --e-global-typography-text-font-family ), Sans-serif;\">\u00a0 <\/span><span style=\"font-style: inherit; font-weight: inherit; font-family: var( --e-global-typography-text-font-family ), Sans-serif;\">sobre el glande, provocando adherencias, dolor,<\/span><span class=\"Apple-converted-space\" style=\"font-style: inherit; font-weight: inherit; font-family: var( --e-global-typography-text-font-family ), Sans-serif;\">\u00a0 <\/span><span style=\"font-style: inherit; font-weight: inherit; font-family: var( --e-global-typography-text-font-family ), Sans-serif;\">acumulo de secreciones mal olientes, desgarro y engrosamiento de la piel.<\/span><span class=\"Apple-converted-space\" style=\"font-style: inherit; font-weight: inherit; font-family: var( --e-global-typography-text-font-family ), Sans-serif;\">\u00a0<\/span><\/p><p class=\"p2\">Aunque se puede intentar un tratamiento t\u00f3pico con cremas,<span class=\"Apple-converted-space\">\u00a0 <\/span>la soluci\u00f3n definitiva es quir\u00fargica (circuncisi\u00f3n).<\/p><p class=\"p2\">\u00a0<\/p><p class=\"p1\">HIDROCELE<\/p><p class=\"p1\">Es una patolog\u00eda<span class=\"Apple-converted-space\">\u00a0 <\/span>donde se produce una acumulaci\u00f3n de l\u00edquido dentro del escroto, generando un aumento de tama\u00f1o, habitualmente a tensi\u00f3n. Ese aumento de volumen generalmente es<span class=\"Apple-converted-space\">\u00a0 <\/span>indoloro, pero si puede generar molestias o pesadez cuando adquiere gran tama\u00f1o.<span class=\"Apple-converted-space\">\u00a0 <\/span>Es un proceso que genera un gran defecto est\u00e9tico.<\/p><p class=\"p1\">La resoluci\u00f3n es con una cirug\u00eda donde se aspira el l\u00edquido y se<span class=\"Apple-converted-space\">\u00a0 <\/span>extirpa la t\u00fanica o envoltorio que lo produce.<\/p><p class=\"p1\">\u00a0<\/p><p class=\"p1\">VARICOCELE<\/p><p class=\"p1\">Es una patolog\u00eda muy frecuente en j\u00f3venes que consiste en<span class=\"Apple-converted-space\">\u00a0 <\/span>la dilataci\u00f3n de unas venas que se encuentran en el cord\u00f3n esperm\u00e1tico, que produce un reflujo de sangre venosa hacia los test\u00edculos.<\/p><p class=\"p1\">En la mayor\u00eda de los casos no genera s\u00edntomas y en otros se presenta dolor o pesadez a nivel testicular. Pero lo m\u00e1s importante es que el varicocele es la primera causa de esterilidad en el hombre. Esta alteraci\u00f3n se pueden demostrar en un an\u00e1lisis de laboratorio denominado espermograma.<\/p><p class=\"p1\">Las indicaciones quir\u00fargicas en general son alteraciones en el espermograma, esterilidad secundaria al varicocele, ateraciones en el desarrollo del test\u00edculo, especialmente la disminuci\u00f3n de tama\u00f1o, dolor o molestias testiculares.<\/p><p class=\"p3\">\u00a0<\/p><p class=\"p1\">HIPERPLASIA PROST\u00c1TICA BENIGNA<\/p><p class=\"p4\">Hiperplasia, en medicina, significa crecimiento. Por lo tanto, la hiperplasia prost\u00e1tica benigna significa un crecimiento benigno de la pr\u00f3stata.<\/p><p class=\"p4\">La gl\u00e1ndula prost\u00e1tica en la<span class=\"Apple-converted-space\">\u00a0 <\/span>juventud<span class=\"Apple-converted-space\">\u00a0 <\/span>tiene el tama\u00f1o de una nuez, pero a a partir de los 50 a\u00f1os comienza a sufrir algunos cambios como<span class=\"Apple-converted-space\">\u00a0 <\/span>consecuencia del est\u00edmulo hormonal.<span class=\"Apple-converted-space\">\u00a0 <\/span>Ya sea por el aumento del tama\u00f1o o por un aumento en el tono muscular de la misma, la pr\u00f3stata puede interferir con la micci\u00f3n. La obstrucci\u00f3n de la salida de orina es lo que produce los s\u00edntomas cl\u00e1sicos de \u00a8prostatismo\u201d.<\/p><p class=\"p4\">Estos sintomas son la disminuci\u00f3n de la fuerza del chorro miccional,<span class=\"Apple-converted-space\">\u00a0 <\/span>el retardo en el inicio de la micci\u00f3n, la nocturia (levantarse durante la noche para orinar) y el aumento de la frecuencia de las micciones. En algunos pacientes pueden agregarse la urgencia miccional (dificultad para posponer la micci\u00f3n) y a veces la incontinencia urinaria.<\/p><p class=\"p4\">Los tratamientos pueden ser medicamentos o<span class=\"Apple-converted-space\">\u00a0 <\/span>cirug\u00eda dependiendo cada caso en particular.<span class=\"Apple-converted-space\">\u00a0 <\/span>Con respecto a la cirug\u00eda, hay b\u00e1sicamente dos tipos: la tradicional, en la que se produce la apertura del abdomen (o cielo abierto), y la que usa un instrumento que se introduce por la uretra hasta la pr\u00f3stata (RTU).<\/p><p class=\"p4\">.<\/p><p class=\"p1\">CANCER DE RI\u00d1ON<\/p><p class=\"p1\">EL c\u00e1ncer renal es una formaci\u00f3n tumoral que se origina directamente en el ri\u00f1\u00f3n. La mayor\u00eda nacen de la corteza del ri\u00f1\u00f3n y se denomina c\u00e1ncer de c\u00e9lulas renales. Actualmente la mayor\u00eda de los tumores renales diagnosticados son asintom\u00e1ticos y son hallazgos de estudios ecogr\u00e1ficos realizados por controles o por estudios de otras causas. El s\u00edntoma m\u00e1s com\u00fan es la hematuria o el hallazgo de sangre microsc\u00f3pica en una muestra de orina. Menos frecuente es el dolor o la masa palpable abdominal. En algunos casos se diagnostican por la presencia de s\u00edntomas relacionados con met\u00e1stasis. La cirug\u00eda es el tratamiento m\u00e1s com\u00fan en el c\u00e1ncer de ri\u00f1\u00f3n y en la mayor\u00eda de los casos es el \u00fanico tratamiento necesario. El tipo de cirug\u00eda depender\u00e1 del tama\u00f1o y de la ubicaci\u00f3n del tumor. En muchos casos cuando el tumor es igual o menor a 4 cent\u00edmetros se puede realizar una cirug\u00eda parcial (nefrectom\u00eda parcial). En otros casos es necesario realizar la extirpaci\u00f3n completa del ri\u00f1\u00f3n (nefrectom\u00eda radical). La cirug\u00eda se puede realizar a cielo abierto a trav\u00e9s de una incisi\u00f3n o por t\u00e9cnica laparosc\u00f3pica.<\/p><p class=\"p1\">\u00a0<\/p><p class=\"p1\">CANCER DE PROSTATA<\/p><p class=\"p5\"><span class=\"s1\">El c\u00e1ncer de pr\u00f3stata es la neoplasia m\u00e1s frecuente en el var\u00f3n adulto y la segunda causa de muerte por c\u00e1ncer. Consiste en la formaci\u00f3n de c\u00e9lulas anormales de la pr\u00f3stata que se multiplican en forma desorganizada formando un tumor. Muchas<span class=\"Apple-converted-space\">\u00a0 <\/span>de las veces cursa de manera <span class=\"Apple-converted-space\">\u00a0 <\/span>asintom\u00e1tica . El diagn\u00f3stico<span class=\"Apple-converted-space\">\u00a0 <\/span>precoz ser\u00e1 determinado por el examen de la gl\u00e1ndula prost\u00e1tica por tacto rectal y la determinaci\u00f3n de Antigeno Prostatico Especifico (PSA) en una muestra de sangre<\/span>.<\/p><p class=\"p4\">En aquellos casos en que existiera un tacto rectal sospechoso o un ant\u00edgeno prost\u00e1tico elevado se discutir\u00e1 la posibilidad de realizar una biopsia prost\u00e1tica.<\/p><p class=\"p4\">La Sociedad Americana de Urolog\u00eda, y la Sociedad Argentina de Urolog\u00eda recomiendan que todo hombre se controle a partir de los 50 a\u00f1os. Aquellos que tienen antecedentes familiares de c\u00e1ncer de pr\u00f3stata, especialmente padre o hermanos, deben iniciar sus controles a partir de los 40 a\u00f1os.<\/p><p class=\"p4\">\u00a0<\/p><p class=\"p4\">CANCER DE VEJIGA<\/p><p class=\"p4\">Es una proliferaci\u00f3n de c\u00e9lulas dentro de la vejiga que pierden el control normal de crecimiento.\u00a0Su s\u00edntoma m\u00e1s frecuente es el sangrado al orinar, denominado hematuria. Esta<span class=\"Apple-converted-space\">\u00a0 <\/span>hematuria muchas veces puede ser \u00fanica,<span class=\"Apple-converted-space\">\u00a0 <\/span>por lo que todo paciente que haya tenido al menos<span class=\"Apple-converted-space\">\u00a0 <\/span>un \u00fanico episodio de<span class=\"Apple-converted-space\">\u00a0 <\/span>hematuria debe consultar.<\/p><p class=\"p4\">El factor de riesgo m\u00e1s importante es ser o haber sido fumador. El diagnostico inicial lo suele dar una ecograf\u00eda en donde se suele describir una imagen de p\u00f3lipo, el estudio que lo confirma es la cistoscop\u00eda.<span class=\"Apple-converted-space\">\u00a0 <\/span>El tratamiento inicial es una resecci\u00f3n endosc\u00f3pica del tumor vesical (RTU) para establecer las caracter\u00edsticas del tumor y<span class=\"Apple-converted-space\">\u00a0 <\/span>el grado de profundidad de la lesi\u00f3n, y seg\u00fan haya sido completa o incompleta definir los pasos a seguir en el tratamiento.<\/p><p class=\"p4\">\u00a0<\/p><p class=\"p5\">UROLOG\u00cdA LAPAROSCOPICA<\/p><p class=\"p8\">La laparoscopia es la alternativa\u00a0minimamente invasiva\u00a0<i>a la<\/i> cirug\u00eda abierta convencional\u00a0en la que una peque\u00f1a c\u00e1mara es utilizada para ver dentro del abdomen<span class=\"Apple-converted-space\">\u00a0 <\/span>de manera que se transmite la imagen de los \u00f3rganos internos a un monitor de televisi\u00f3n a trav\u00e9s del cual el cirujano puede guiarse para realizar\u00a0diferentes procedimientos quir\u00fargicos. El laparoscopio magnifica la imagen\u00a0varias veces respecto al tama\u00f1o real, permitiendo una mejor visi\u00f3n de los \u00f3rganos abdominales. La cirug\u00eda laparosc\u00f3pica es minimamente invasiva\u00a0ya que solo se requieren 3 o 4\u00a0peque\u00f1as incisiones\u00a0(orificios de 0,5 a 1 cm.) en lugar de una herida de 15 a 20 cm.\u00a0Por estas peque\u00f1as incisiones se introducen los instrumentos con los que se opera.<\/p><p class=\"p1\">Los pacientes que se han sometido a estas intervenciones han tenido los mismos beneficios terap\u00e9uticos de la cirug\u00eda abierta convencional pero con notablemente menos dolor postoperatorio, menos d\u00edas de estancia en el hospital, una recuperaci\u00f3n mas r\u00e1pida y\u00a0mejor resultado est\u00e9tico. As\u00ed como un \u00abretorno\u00bb mas r\u00e1pido a los h\u00e1bitos diet\u00e9ticos habituales y a la actividad normal. Es una t\u00e9cnica que se inici\u00f3 en cirug\u00eda general para tratamiento de patolog\u00eda vesicular, pero luego se fue extendiendo permiti\u00e9ndonos en otras ramas quiurgicas poder resolver diferentes tipos de patolog\u00edas como c\u00e1ncer de ri\u00f1on , de pr\u00f3stata , varicocele, y patolog\u00eda litiasica.<\/p><\/div>\n\t\t\t\t<\/div>\n\t\t\t\t<\/div>\n\t\t\t\t<div class=\"elementor-element elementor-element-0980efa elementor-aspect-ratio-169 elementor-widget elementor-widget-video\" data-id=\"0980efa\" data-element_type=\"widget\" data-settings=\"{&quot;youtube_url&quot;:&quot;https:\\\/\\\/www.youtube.com\\\/watch?v=tRJlPwHru_M&quot;,&quot;video_type&quot;:&quot;youtube&quot;,&quot;controls&quot;:&quot;yes&quot;,&quot;aspect_ratio&quot;:&quot;169&quot;}\" data-widget_type=\"video.default\">\n\t\t\t\t<div class=\"elementor-widget-container\">\n\t\t\t\t\t<div class=\"elementor-wrapper elementor-fit-aspect-ratio elementor-open-inline\">\n\t\t\t<div class=\"elementor-video\"><\/div>\t\t<\/div>\n\t\t\t\t<\/div>\n\t\t\t\t<\/div>\n\t\t\t\t<div class=\"elementor-element elementor-element-8aae9f7 elementor-aspect-ratio-169 elementor-widget elementor-widget-video\" data-id=\"8aae9f7\" data-element_type=\"widget\" data-settings=\"{&quot;youtube_url&quot;:&quot;https:\\\/\\\/www.youtube.com\\\/watch?v=fIPwEor09Ig&quot;,&quot;video_type&quot;:&quot;youtube&quot;,&quot;controls&quot;:&quot;yes&quot;,&quot;aspect_ratio&quot;:&quot;169&quot;}\" data-widget_type=\"video.default\">\n\t\t\t\t<div class=\"elementor-widget-container\">\n\t\t\t\t\t<div class=\"elementor-wrapper elementor-fit-aspect-ratio elementor-open-inline\">\n\t\t\t<div class=\"elementor-video\"><\/div>\t\t<\/div>\n\t\t\t\t<\/div>\n\t\t\t\t<\/div>\n\t\t\t\t\t<\/div>\n\t\t<\/div>\n\t\t\t\t\t\t\t<\/div>\n\t\t<\/section>\n\t\t\t\t<section class=\"elementor-section elementor-top-section elementor-element elementor-element-c7de9f0 elementor-section-boxed elementor-section-height-default elementor-section-height-default\" data-id=\"c7de9f0\" data-element_type=\"section\" data-settings=\"{&quot;background_background&quot;:&quot;classic&quot;}\">\n\t\t\t\t\t\t<div class=\"elementor-container elementor-column-gap-default\">\n\t\t\t\t\t<div class=\"elementor-column elementor-col-100 elementor-top-column elementor-element elementor-element-be2bc76\" data-id=\"be2bc76\" data-element_type=\"column\">\n\t\t\t<div class=\"elementor-widget-wrap elementor-element-populated\">\n\t\t\t\t\t\t\t\t<div class=\"elementor-element elementor-element-1f2c784 elementor-widget elementor-widget-text-editor\" data-id=\"1f2c784\" data-element_type=\"widget\" data-widget_type=\"text-editor.default\">\n\t\t\t\t<div class=\"elementor-widget-container\">\n\t\t\t\t\t<div class=\"elementor-text-editor elementor-clearfix\"><p class=\"p1\">OTRAS PATOLOGIAS UROL\u00d3GICAS<\/p><ul class=\"ul1\"><li class=\"li5\">INFECCIONES URINARIAS<\/li><li class=\"li5\">CISTITIS INSTERTICIAL<\/li><li class=\"li5\">PROSTATITIS<span class=\"Apple-converted-space\">\u00a0<\/span><\/li><li class=\"li5\">DOLOR PERINEAL CRONICO<\/li><li class=\"li5\">NEUROUROLOG\u00cdA<\/li><li class=\"li5\">INCONTINENCIA URINARIA<\/li><li class=\"li5\">QUISTES RENALES<span class=\"Apple-converted-space\">\u00a0<\/span><\/li><li class=\"li5\">LITIASIS URINARIA<span class=\"Apple-converted-space\">\u00a0<\/span><\/li><li class=\"li5\">CANCER DE TESTICULO<\/li><li class=\"li5\">ORQUIEPIDIDIMITIS<span class=\"Apple-converted-space\">\u00a0<\/span><\/li><li class=\"li5\">TORSI\u00d3N TESTICULAR<span class=\"Apple-converted-space\">\u00a0<\/span><\/li><li class=\"li5\">PATOLOG\u00cdA DE URETRA<span class=\"Apple-converted-space\">\u00a0<\/span><\/li><\/ul><\/div>\n\t\t\t\t<\/div>\n\t\t\t\t<\/div>\n\t\t\t\t\t<\/div>\n\t\t<\/div>\n\t\t\t\t\t\t\t<\/div>\n\t\t<\/section>\n\t\t\t\t<section class=\"elementor-section elementor-top-section elementor-element elementor-element-2dec14a elementor-section-content-middle elementor-section-full_width elementor-section-height-default elementor-section-height-default\" data-id=\"2dec14a\" data-element_type=\"section\" data-settings=\"{&quot;background_background&quot;:&quot;classic&quot;}\">\n\t\t\t\t\t\t<div class=\"elementor-container elementor-column-gap-no\">\n\t\t\t\t\t<div class=\"elementor-column elementor-col-100 elementor-top-column elementor-element elementor-element-647a9d7\" data-id=\"647a9d7\" data-element_type=\"column\" data-settings=\"{&quot;background_background&quot;:&quot;classic&quot;}\">\n\t\t\t<div class=\"elementor-widget-wrap elementor-element-populated\">\n\t\t\t\t\t\t\t\t<div class=\"elementor-element elementor-element-d6d60d3 elementor-shape-square elementor-grid-0 e-grid-align-center elementor-widget elementor-widget-social-icons\" data-id=\"d6d60d3\" data-element_type=\"widget\" data-widget_type=\"social-icons.default\">\n\t\t\t\t<div class=\"elementor-widget-container\">\n\t\t\t\t\t<div class=\"elementor-social-icons-wrapper elementor-grid\">\n\t\t\t\t\t\t\t<div class=\"elementor-grid-item\">\n\t\t\t\t\t<a class=\"elementor-icon elementor-social-icon elementor-social-icon-instagram elementor-repeater-item-66e7471\" href=\"https:\/\/www.instagram.com\/dr.maximiliano.klein\/\" target=\"_blank\">\n\t\t\t\t\t\t<span class=\"elementor-screen-only\">Instagram<\/span>\n\t\t\t\t\t\t<i class=\"fab fa-instagram\"><\/i>\t\t\t\t\t<\/a>\n\t\t\t\t<\/div>\n\t\t\t\t\t\t\t<div class=\"elementor-grid-item\">\n\t\t\t\t\t<a class=\"elementor-icon elementor-social-icon elementor-social-icon-youtube elementor-repeater-item-73f8653\" href=\"https:\/\/www.youtube.com\/channel\/UCPBe5ivvrqqGhg9ZiLal9jg\" target=\"_blank\">\n\t\t\t\t\t\t<span class=\"elementor-screen-only\">Youtube<\/span>\n\t\t\t\t\t\t<i class=\"fab fa-youtube\"><\/i>\t\t\t\t\t<\/a>\n\t\t\t\t<\/div>\n\t\t\t\t\t\t\t<div class=\"elementor-grid-item\">\n\t\t\t\t\t<a class=\"elementor-icon elementor-social-icon elementor-social-icon-facebook-f elementor-repeater-item-3c79c87\" target=\"_blank\">\n\t\t\t\t\t\t<span class=\"elementor-screen-only\">Facebook-f<\/span>\n\t\t\t\t\t\t<i class=\"fab fa-facebook-f\"><\/i>\t\t\t\t\t<\/a>\n\t\t\t\t<\/div>\n\t\t\t\t\t<\/div>\n\t\t\t\t<\/div>\n\t\t\t\t<\/div>\n\t\t\t\t<div class=\"elementor-element elementor-element-2488812 elementor-widget elementor-widget-heading\" data-id=\"2488812\" data-element_type=\"widget\" data-widget_type=\"heading.default\">\n\t\t\t\t<div class=\"elementor-widget-container\">\n\t\t\t<h2 class=\"elementor-heading-title elementor-size-default\">connect with us<\/h2>\t\t<\/div>\n\t\t\t\t<\/div>\n\t\t\t\t\t<\/div>\n\t\t<\/div>\n\t\t\t\t\t\t\t<\/div>\n\t\t<\/section>\n\t\t\t\t\t\t<\/div>\n\t\t\t\t\t<\/div>\n\t\t","protected":false},"excerpt":{"rendered":"<p>UROLOG\u00cdA FIMOSIS La fimosis es la imposibilidad de retraer el prepucio, que es la piel del pene que recubre el glande. Consiste en la\u00a0 generaci\u00f3n de un anillo fibr\u00f3tico\u00a0 que impide el correcto\u00a0 deslizamiento de esta\u00a0 piel\u00a0 sobre el glande, provocando adherencias, dolor,\u00a0 acumulo de secreciones mal olientes, desgarro y engrosamiento de la piel.\u00a0 Aunque &hellip;<\/p>\n<p class=\"read-more\"> <a class=\"\" href=\"https:\/\/drmaximilianoklein.com.ar\/index.php\/urologia\/\"> <span class=\"screen-reader-text\">Urologia<\/span> Leer m\u00e1s &raquo;<\/a><\/p>\n","protected":false},"author":1,"featured_media":0,"parent":0,"menu_order":0,"comment_status":"closed","ping_status":"closed","template":"","meta":{"footnotes":""},"class_list":["post-19","page","type-page","status-publish","hentry"],"_links":{"self":[{"href":"https:\/\/drmaximilianoklein.com.ar\/index.php\/wp-json\/wp\/v2\/pages\/19","targetHints":{"allow":["GET"]}}],"collection":[{"href":"https:\/\/drmaximilianoklein.com.ar\/index.php\/wp-json\/wp\/v2\/pages"}],"about":[{"href":"https:\/\/drmaximilianoklein.com.ar\/index.php\/wp-json\/wp\/v2\/types\/page"}],"author":[{"embeddable":true,"href":"https:\/\/drmaximilianoklein.com.ar\/index.php\/wp-json\/wp\/v2\/users\/1"}],"replies":[{"embeddable":true,"href":"https:\/\/drmaximilianoklein.com.ar\/index.php\/wp-json\/wp\/v2\/comments?post=19"}],"version-history":[{"count":24,"href":"https:\/\/drmaximilianoklein.com.ar\/index.php\/wp-json\/wp\/v2\/pages\/19\/revisions"}],"predecessor-version":[{"id":217,"href":"https:\/\/drmaximilianoklein.com.ar\/index.php\/wp-json\/wp\/v2\/pages\/19\/revisions\/217"}],"wp:attachment":[{"href":"https:\/\/drmaximilianoklein.com.ar\/index.php\/wp-json\/wp\/v2\/media?parent=19"}],"curies":[{"name":"wp","href":"https:\/\/api.w.org\/{rel}","templated":true}]}}