{"id":15,"date":"2021-04-07T22:27:42","date_gmt":"2021-04-07T22:27:42","guid":{"rendered":"http:\/\/drmaximilianoklein.com.ar\/?page_id=15"},"modified":"2021-04-13T16:28:25","modified_gmt":"2021-04-13T16:28:25","slug":"anticoncepcionmasculina","status":"publish","type":"page","link":"https:\/\/drmaximilianoklein.com.ar\/index.php\/anticoncepcionmasculina\/","title":{"rendered":"Anticoncepcion Masculina"},"content":{"rendered":"\t\t<div data-elementor-type=\"wp-page\" data-elementor-id=\"15\" class=\"elementor elementor-15\" data-elementor-settings=\"[]\">\n\t\t\t\t\t\t\t<div class=\"elementor-section-wrap\">\n\t\t\t\t\t\t\t<section class=\"elementor-section elementor-top-section elementor-element elementor-element-be3597b elementor-section-content-middle elementor-section-boxed elementor-section-height-default elementor-section-height-default\" data-id=\"be3597b\" data-element_type=\"section\" data-settings=\"{&quot;background_background&quot;:&quot;classic&quot;}\">\n\t\t\t\t\t\t<div class=\"elementor-container elementor-column-gap-wide\">\n\t\t\t\t\t<div class=\"elementor-column elementor-col-100 elementor-top-column elementor-element elementor-element-033d30f\" data-id=\"033d30f\" data-element_type=\"column\">\n\t\t\t<div class=\"elementor-widget-wrap elementor-element-populated\">\n\t\t\t\t\t\t\t\t<div class=\"elementor-element elementor-element-0a87796 elementor-widget elementor-widget-heading\" data-id=\"0a87796\" data-element_type=\"widget\" data-widget_type=\"heading.default\">\n\t\t\t\t<div class=\"elementor-widget-container\">\n\t\t\t<h4 class=\"elementor-heading-title elementor-size-default\">ANTICONCEPCI\u00d3N\nMASCULINA<\/h4>\t\t<\/div>\n\t\t\t\t<\/div>\n\t\t\t\t<div class=\"elementor-element elementor-element-d05fd9b elementor-widget elementor-widget-text-editor\" data-id=\"d05fd9b\" data-element_type=\"widget\" data-widget_type=\"text-editor.default\">\n\t\t\t\t<div class=\"elementor-widget-container\">\n\t\t\t\t\t<div class=\"elementor-text-editor elementor-clearfix\"><p class=\"p1\">Si hablamos de anticoncepci\u00f3n masculina estamos refiri\u00e9ndonos a los dos \u00fanicos m\u00e9todos con los que cuenta el hombre en este momento: el preservativo y la vasectom\u00eda.<\/p><p class=\"p1\">Se denomina vasectom\u00eda al conjunto de t\u00e9cnicas quir\u00fargicas que interrumpen la luz de los conductos deferentes con la finalidad de impedir que en el eyaculado existan espermatozoides con capacidad de fecundaci\u00f3n. Las consultas por vasectom\u00edas se est\u00e1n multiplicando y es uno de los motivos de consultas m\u00e1s frecuentes en mi consultorio.<\/p><p class=\"p1\">Es un procedimiento que gracias a los cambios culturales ponen al hombre en un espacio mucho m\u00e1s activo con respecto a la anticoncepci\u00f3n y el compartir la responsabilidades que durante tantos a\u00f1os solo afectaba a la mujer, entregando su cuerpo a f\u00e1rmacos que alteran su normal funcionamiento hormonal, cirug\u00edas que requieren abordaje abdominal o la colocaci\u00f3n de dispositivos con potenciales riesgos infecciosos.<\/p><p class=\"p1\"><span class=\"s1\">La vasectom\u00eda es una pr\u00e1ctica menos compleja y tiene efectos adversos menores en comparaci\u00f3n con la ligadura de trompas, lo cual abre la posibilidad que un nuevo paradigma de anticoncepci\u00f3n avance<span class=\"Apple-converted-space\">\u00a0 <\/span>sobre los cl\u00e1sicos estandartes impuestos. <\/span><\/p><p class=\"p1\">El m\u00e9todo es eficaz, seguro y reversible por definici\u00f3n, aunque esta reversi\u00f3n puede solo realizarse en centros especializados con un alto costo, por lo que no lo recomiendo en aquellos hombres que no est\u00e9n totalmente seguros. Por lo tanto,<span class=\"Apple-converted-space\">\u00a0 <\/span>siempre aconsejo<span class=\"Apple-converted-space\">\u00a0 <\/span>al paciente que considere la vasectom\u00eda como una forma permanente de anticoncepci\u00f3n quir\u00fargica. Es \u201cpara siempre\u201d\u2026<\/p><p class=\"p1\">Tampoco es requerimiento que el paciente tenga hijos, se trata de una decisi\u00f3n de vida personal que debe ser respetada.<\/p><p class=\"p1\">La cirug\u00eda consiste en<span class=\"Apple-converted-space\">\u00a0 <\/span>el corte de los conductos por donde se movilizan los espermatozoides para unirse con el resto de los componentes del semen, por lo que no se afecta la eyaculaci\u00f3n,<span class=\"Apple-converted-space\">\u00a0 <\/span>el orgasmo ni el deseo sexual.\u00a0<\/p><p class=\"p1\">Es un procedimiento ambulatorio que permite que el paciente duerma esa misma noche en su casa, aunque debemos hacer hincapi\u00e9 en el uso de preservativo durante los primeros meses ya que<span class=\"Apple-converted-space\">\u00a0 <\/span>el espermograma control<span class=\"Apple-converted-space\">\u00a0 <\/span>puede tomar hasta 3 meses en certificar la ausencia de espermatozoides en el eyaculado.<\/p><\/div>\n\t\t\t\t<\/div>\n\t\t\t\t<\/div>\n\t\t\t\t\t<\/div>\n\t\t<\/div>\n\t\t\t\t\t\t\t<\/div>\n\t\t<\/section>\n\t\t\t\t<section class=\"elementor-section elementor-top-section elementor-element elementor-element-203c285 elementor-section-content-middle elementor-section-full_width elementor-section-height-default elementor-section-height-default\" data-id=\"203c285\" data-element_type=\"section\" data-settings=\"{&quot;background_background&quot;:&quot;classic&quot;}\">\n\t\t\t\t\t\t<div class=\"elementor-container elementor-column-gap-no\">\n\t\t\t\t\t<div class=\"elementor-column elementor-col-100 elementor-top-column elementor-element elementor-element-e6ff281\" data-id=\"e6ff281\" data-element_type=\"column\" data-settings=\"{&quot;background_background&quot;:&quot;classic&quot;}\">\n\t\t\t<div class=\"elementor-widget-wrap elementor-element-populated\">\n\t\t\t\t\t\t\t\t<div class=\"elementor-element elementor-element-3b2de3f elementor-shape-square elementor-grid-0 e-grid-align-center elementor-widget elementor-widget-social-icons\" data-id=\"3b2de3f\" data-element_type=\"widget\" data-widget_type=\"social-icons.default\">\n\t\t\t\t<div class=\"elementor-widget-container\">\n\t\t\t\t\t<div class=\"elementor-social-icons-wrapper elementor-grid\">\n\t\t\t\t\t\t\t<div class=\"elementor-grid-item\">\n\t\t\t\t\t<a class=\"elementor-icon elementor-social-icon elementor-social-icon-instagram elementor-repeater-item-66e7471\" href=\"https:\/\/www.instagram.com\/dr.maximiliano.klein\/\" target=\"_blank\">\n\t\t\t\t\t\t<span class=\"elementor-screen-only\">Instagram<\/span>\n\t\t\t\t\t\t<i class=\"fab fa-instagram\"><\/i>\t\t\t\t\t<\/a>\n\t\t\t\t<\/div>\n\t\t\t\t\t\t\t<div class=\"elementor-grid-item\">\n\t\t\t\t\t<a class=\"elementor-icon elementor-social-icon elementor-social-icon-youtube elementor-repeater-item-73f8653\" href=\"https:\/\/www.youtube.com\/channel\/UCPBe5ivvrqqGhg9ZiLal9jg\" target=\"_blank\">\n\t\t\t\t\t\t<span class=\"elementor-screen-only\">Youtube<\/span>\n\t\t\t\t\t\t<i class=\"fab fa-youtube\"><\/i>\t\t\t\t\t<\/a>\n\t\t\t\t<\/div>\n\t\t\t\t\t\t\t<div class=\"elementor-grid-item\">\n\t\t\t\t\t<a class=\"elementor-icon elementor-social-icon elementor-social-icon-facebook-f elementor-repeater-item-3c79c87\" target=\"_blank\">\n\t\t\t\t\t\t<span class=\"elementor-screen-only\">Facebook-f<\/span>\n\t\t\t\t\t\t<i class=\"fab fa-facebook-f\"><\/i>\t\t\t\t\t<\/a>\n\t\t\t\t<\/div>\n\t\t\t\t\t<\/div>\n\t\t\t\t<\/div>\n\t\t\t\t<\/div>\n\t\t\t\t<div class=\"elementor-element elementor-element-e6a1067 elementor-widget elementor-widget-heading\" data-id=\"e6a1067\" data-element_type=\"widget\" data-widget_type=\"heading.default\">\n\t\t\t\t<div class=\"elementor-widget-container\">\n\t\t\t<h2 class=\"elementor-heading-title elementor-size-default\">connect with us<\/h2>\t\t<\/div>\n\t\t\t\t<\/div>\n\t\t\t\t\t<\/div>\n\t\t<\/div>\n\t\t\t\t\t\t\t<\/div>\n\t\t<\/section>\n\t\t\t\t\t\t<\/div>\n\t\t\t\t\t<\/div>\n\t\t","protected":false},"excerpt":{"rendered":"<p>ANTICONCEPCI\u00d3N MASCULINA Si hablamos de anticoncepci\u00f3n masculina estamos refiri\u00e9ndonos a los dos \u00fanicos m\u00e9todos con los que cuenta el hombre en este momento: el preservativo y la vasectom\u00eda. Se denomina vasectom\u00eda al conjunto de t\u00e9cnicas quir\u00fargicas que interrumpen la luz de los conductos deferentes con la finalidad de impedir que en el eyaculado existan espermatozoides &hellip;<\/p>\n<p class=\"read-more\"> <a class=\"\" href=\"https:\/\/drmaximilianoklein.com.ar\/index.php\/anticoncepcionmasculina\/\"> <span class=\"screen-reader-text\">Anticoncepcion Masculina<\/span> Leer m\u00e1s &raquo;<\/a><\/p>\n","protected":false},"author":1,"featured_media":0,"parent":0,"menu_order":0,"comment_status":"closed","ping_status":"closed","template":"","meta":{"footnotes":""},"class_list":["post-15","page","type-page","status-publish","hentry"],"_links":{"self":[{"href":"https:\/\/drmaximilianoklein.com.ar\/index.php\/wp-json\/wp\/v2\/pages\/15","targetHints":{"allow":["GET"]}}],"collection":[{"href":"https:\/\/drmaximilianoklein.com.ar\/index.php\/wp-json\/wp\/v2\/pages"}],"about":[{"href":"https:\/\/drmaximilianoklein.com.ar\/index.php\/wp-json\/wp\/v2\/types\/page"}],"author":[{"embeddable":true,"href":"https:\/\/drmaximilianoklein.com.ar\/index.php\/wp-json\/wp\/v2\/users\/1"}],"replies":[{"embeddable":true,"href":"https:\/\/drmaximilianoklein.com.ar\/index.php\/wp-json\/wp\/v2\/comments?post=15"}],"version-history":[{"count":23,"href":"https:\/\/drmaximilianoklein.com.ar\/index.php\/wp-json\/wp\/v2\/pages\/15\/revisions"}],"predecessor-version":[{"id":214,"href":"https:\/\/drmaximilianoklein.com.ar\/index.php\/wp-json\/wp\/v2\/pages\/15\/revisions\/214"}],"wp:attachment":[{"href":"https:\/\/drmaximilianoklein.com.ar\/index.php\/wp-json\/wp\/v2\/media?parent=15"}],"curies":[{"name":"wp","href":"https:\/\/api.w.org\/{rel}","templated":true}]}}