{"id":12,"date":"2021-04-07T22:27:08","date_gmt":"2021-04-07T22:27:08","guid":{"rendered":"http:\/\/drmaximilianoklein.com.ar\/?page_id=12"},"modified":"2021-04-13T16:35:00","modified_gmt":"2021-04-13T16:35:00","slug":"saludsexual","status":"publish","type":"page","link":"https:\/\/drmaximilianoklein.com.ar\/index.php\/saludsexual\/","title":{"rendered":"Salud Sexual"},"content":{"rendered":"\t\t<div data-elementor-type=\"wp-page\" data-elementor-id=\"12\" class=\"elementor elementor-12\" data-elementor-settings=\"[]\">\n\t\t\t\t\t\t\t<div class=\"elementor-section-wrap\">\n\t\t\t\t\t\t\t<section class=\"elementor-section elementor-top-section elementor-element elementor-element-5497ded elementor-section-content-middle elementor-section-boxed elementor-section-height-default elementor-section-height-default\" data-id=\"5497ded\" data-element_type=\"section\" data-settings=\"{&quot;background_background&quot;:&quot;classic&quot;}\">\n\t\t\t\t\t\t<div class=\"elementor-container elementor-column-gap-wide\">\n\t\t\t\t\t<div class=\"elementor-column elementor-col-100 elementor-top-column elementor-element elementor-element-65383a6\" data-id=\"65383a6\" data-element_type=\"column\">\n\t\t\t<div class=\"elementor-widget-wrap elementor-element-populated\">\n\t\t\t\t\t\t\t\t<div class=\"elementor-element elementor-element-e5578ba elementor-widget elementor-widget-heading\" data-id=\"e5578ba\" data-element_type=\"widget\" data-widget_type=\"heading.default\">\n\t\t\t\t<div class=\"elementor-widget-container\">\n\t\t\t<h4 class=\"elementor-heading-title elementor-size-default\">SALUD SEXUAL<\/h4>\t\t<\/div>\n\t\t\t\t<\/div>\n\t\t\t\t<div class=\"elementor-element elementor-element-f630c4e elementor-widget elementor-widget-text-editor\" data-id=\"f630c4e\" data-element_type=\"widget\" data-widget_type=\"text-editor.default\">\n\t\t\t\t<div class=\"elementor-widget-container\">\n\t\t\t\t\t<div class=\"elementor-text-editor elementor-clearfix\"><p class=\"p1\">DISFUNCION SEXUAL ERECTIL<\/p>\n<p class=\"p2\">Las disfunci\u00f3n er\u00e9ctil (DE) es la incapacidad persistente de alcanzar y mantener una erecci\u00f3n suficiente para permitir un desempe\u00f1o sexual satisfactorio. Aunque es un trastorno benigno, afecta la salud f\u00edsica, ps\u00edquica y social y tiene un impacto importante en la calidad de vida de quienes la padecen, de sus parejas y de sus familias. M\u00e1s del 50% de los hombres entre las edades de 40 y 70 tienen alg\u00fan grado de disfunci\u00f3n er\u00e9ctil. Este porcentaje aumenta a medida que los hombres envejecen, pero puede ocurrir en hombres de cualquier edad.<\/p>\n<p class=\"p2\">La disfunci\u00f3n er\u00e9ctil tiene factores de riesgo en com\u00fan con la enfermedad cardiovascular, como la falta de ejercicio, la obesidad, el tabaquismo, la hipercolesterolemia y el s\u00edndrome metab\u00f3lico. Algunos medicamentos utilizados para tratar estas afecciones m\u00e9dicas pueden afectar el proceso de erecci\u00f3n.<\/p>\n<p class=\"p2\">Existen diferentes tratamientos disponibles para este trastorno y la elecci\u00f3n de los mismos depender\u00e1 de m\u00faltiples factores que se evaluar\u00e1n durante las diferentes<span class=\"Apple-converted-space\">&nbsp; <\/span>consultas m\u00e9dicas. Algunos de ellos son la terapia psicosexual, la medicaci\u00f3n por v\u00eda oral y la medicaci\u00f3n inyectable intracavernosa.<\/p>\n<p class=\"p2\"><span style=\"font-family: var( --e-global-typography-text-font-family ), Sans-serif; font-style: inherit; font-weight: inherit;\"><br><\/span><\/p><p class=\"p2\"><span style=\"font-family: var( --e-global-typography-text-font-family ), Sans-serif; font-style: inherit; font-weight: inherit;\">TEST DE DROGAS VASOACTIVAS<\/span><\/p>\n<p class=\"p2\">Consiste en la implementaci\u00f3n por via intracavernosa (inyectable) de una droga que genera erecci\u00f3n en pocos minutos. Nos ayuda en el diagnostico, y<span class=\"Apple-converted-space\">&nbsp; <\/span>para ense\u00f1ar al paciente la t\u00e9cnica correcta de aplicaci\u00f3n en aquellos que van a utilizar el f\u00e1rmaco en forma rutinaria para sus relaciones sexuales (aquellos que no responden a la via oral).<\/p>\n<p class=\"p2\">\n<\/p><p class=\"p2\">\n<\/p><p class=\"p2\"><br><\/p><p class=\"p2\">EYACULACI\u00d3N PRECOZ<\/p>\n<p class=\"p2\">Es la incapacidad de retrasar suficientemente la eyaculaci\u00f3n para disfrutar de las relaciones sexuales, que se manifiesta por la aparici\u00f3n de la eyaculaci\u00f3n antes o poco tiempo despu\u00e9s del<span class=\"Apple-converted-space\">&nbsp; <\/span>comienzo del acto sexual (menos de un minuto desde el momento de la penetraci\u00f3n) o la eyaculaci\u00f3n se produce en ausencia de una erecci\u00f3n suficiente para posibilitar el coito.<\/p>\n<p class=\"p2\">La Eyaculaci\u00f3n<span class=\"Apple-converted-space\">&nbsp; <\/span>precoz puede ser de toda la vida (primaria) o adquirida (secundaria). La EP de toda la vida se caracteriza por su comienzo desde la primera experiencia sexual,<span class=\"Apple-converted-space\">&nbsp; <\/span>en cambio la secundaria se da despu\u00e9s de un determinado tiempo (que pueden ser a\u00f1os) de experiencias sexuales normales. Los varones con EP tienen mayores probabilidades de describir una satisfacci\u00f3n escasa con su relaci\u00f3n sexual, dificultades para relajarse durante el acto y relaciones sexuales menos frecuentes.<\/p>\n<p class=\"p2\">La farmacoterapia es la base del tratamiento aunque las t\u00e9cnicas conductales pueden resultar eficaces de forma aislada o en combinaci\u00f3n con la farmacolog\u00eda.<\/p>\n<p class=\"p2\">\n<\/p><p class=\"p2\">\n<\/p><p class=\"p2\"><br><\/p><p class=\"p2\">TERAPIA DE REEMPLAZO HORMONAL (TRT)<\/p>\n<p class=\"p4\">La&nbsp;Terapia de Reemplazo, popularmente conocida como&nbsp;TRT,&nbsp;es una soluci\u00f3n&nbsp; m\u00e9dica dise\u00f1ada para restablecer los niveles naturales de testosterona. La<span class=\"Apple-converted-space\">&nbsp; <\/span>testosterona es una hormona que a partir de los 40 a\u00f1os comienza a declinar en sus valores circundantes por lo que se va a manifestar con una serie de s\u00edntomas a medida que estos valores descienden.<\/p>\n<p class=\"p2\">Los s\u00edntomas relacionados con el d\u00e9ficit de testosterona son fatiga, cansancio, bajos niveles de energ\u00eda, bajo estado de \u00e1nimo, irritabilidad, poca concentraci\u00f3n y disminuci\u00f3n de la libido. Tambi\u00e9n este d\u00e9ficit se manifiesta en la consulta como dificultad para generar o mantener una erecci\u00f3n.<\/p>\n<p class=\"p2\">Existen diferentes opciones de tratamiento para conseguir los valores normales en sangre y buscar una mejor\u00eda sintom\u00e1tica. Estos son las inyecciones intramusculares, geles, presentaciones transdermicas y los novedosos pellet (conocidos como chip sexual).<\/p>\n<p class=\"p2\">Para poder iniciar este tratamiento es importante realizar una consulta m\u00e9dica, con interrogatorio, examen f\u00edsico y an\u00e1lisis para detectar los niveles basales de estas hormonas y seg\u00fan las condiciones del paciente y patolog\u00edas de base buscar la opci\u00f3n m\u00e1s adecuada.<\/p>\n<p class=\"p2\">\n<\/p><p class=\"p2\">\n<\/p><p class=\"p2\"><br><\/p><p class=\"p2\">ENFERMEDADES DE TRASMISI\u00d3N SEXUAL (ETS)<\/p>\n<p class=\"p5\"><span class=\"s1\">Son las infecciones que se trasmiten a<span class=\"Apple-converted-space\">&nbsp; <\/span>trav\u00e9s del contacto sexual. <\/span><span class=\"s2\">Los organismos que causan estas enfermedades<span class=\"Apple-converted-space\">&nbsp; <\/span>pueden transmitirse<span class=\"Apple-converted-space\">&nbsp; <\/span>por la sangre, el semen o los fluidos vaginales y otros fluidos corporales.<\/span><\/p>\n<p class=\"p5\"><span class=\"s1\">Las enfermedades de transmisi\u00f3n sexual<\/span><span class=\"s2\">&nbsp;no siempre presentan s\u00edntomas. Es posible contraer enfermedades de transmisi\u00f3n sexual de personas que parecen estar perfectamente sanas y que ni siquiera saben que tienen una infecci\u00f3n.<\/span><\/p>\n<p class=\"p2\">Las m\u00e1s comunes que suelen verse en consultorio son HPV, uretritis , s\u00edfilis y herpes. En la mayor\u00eda de los casos despierta la iniciativa a consultar la aparici\u00f3n de una verruga, llaga, ampolla o ulcera en la regi\u00f3n genital.<\/p>\n<p class=\"p2\">Algunas se manifiestan de forma ambigua y dudosa y por lo tanto requieren de un m\u00e9todo complementario para su estudio. El tratamiento va a ser el determinado para cada pat\u00f3geno. La mayor\u00eda de ellas suelen curar luego de realizado el tratamiento.<\/p>\n<p class=\"p2\">\n<\/p><p class=\"p2\">\n<\/p><p class=\"p2\"><br><\/p><p class=\"p2\">EDUCACI\u00d3N SEXUAL<\/p>\n<p class=\"p2\">Sabemos de las barreras que se generan entre padres\/ madres<span class=\"Apple-converted-space\">&nbsp; <\/span>e hijos cuando tienen que hablar sobre la sexualidad y la incertidumbre que se genera en cada uno de los protagonistas sobre este asunto. Incentivamos a una consuta sexual temprana con un especialista que eduque<span class=\"Apple-converted-space\">&nbsp; <\/span>para que las relaciones sean satisfactorias y seguras, y no existan los<span class=\"Apple-converted-space\">&nbsp; <\/span>silencios e incomodidades que puede generar estos temas.<\/p>\n<p class=\"p2\"><br><\/p><\/div>\n\t\t\t\t<\/div>\n\t\t\t\t<\/div>\n\t\t\t\t\t<\/div>\n\t\t<\/div>\n\t\t\t\t\t\t\t<\/div>\n\t\t<\/section>\n\t\t\t\t<section class=\"elementor-section elementor-top-section elementor-element elementor-element-5dd3530 elementor-section-content-middle elementor-section-full_width elementor-section-height-default elementor-section-height-default\" data-id=\"5dd3530\" data-element_type=\"section\" data-settings=\"{&quot;background_background&quot;:&quot;classic&quot;}\">\n\t\t\t\t\t\t<div class=\"elementor-container elementor-column-gap-no\">\n\t\t\t\t\t<div class=\"elementor-column elementor-col-100 elementor-top-column elementor-element elementor-element-1cb5e4d\" data-id=\"1cb5e4d\" data-element_type=\"column\" data-settings=\"{&quot;background_background&quot;:&quot;classic&quot;}\">\n\t\t\t<div class=\"elementor-widget-wrap elementor-element-populated\">\n\t\t\t\t\t\t\t\t<div class=\"elementor-element elementor-element-7aac867 elementor-shape-square elementor-grid-0 e-grid-align-center elementor-widget elementor-widget-social-icons\" data-id=\"7aac867\" data-element_type=\"widget\" data-widget_type=\"social-icons.default\">\n\t\t\t\t<div class=\"elementor-widget-container\">\n\t\t\t\t\t<div class=\"elementor-social-icons-wrapper elementor-grid\">\n\t\t\t\t\t\t\t<div class=\"elementor-grid-item\">\n\t\t\t\t\t<a class=\"elementor-icon elementor-social-icon elementor-social-icon-instagram elementor-repeater-item-66e7471\" href=\"https:\/\/www.instagram.com\/dr.maximiliano.klein\/\" target=\"_blank\">\n\t\t\t\t\t\t<span class=\"elementor-screen-only\">Instagram<\/span>\n\t\t\t\t\t\t<i class=\"fab fa-instagram\"><\/i>\t\t\t\t\t<\/a>\n\t\t\t\t<\/div>\n\t\t\t\t\t\t\t<div class=\"elementor-grid-item\">\n\t\t\t\t\t<a class=\"elementor-icon elementor-social-icon elementor-social-icon-youtube elementor-repeater-item-73f8653\" href=\"https:\/\/www.youtube.com\/channel\/UCPBe5ivvrqqGhg9ZiLal9jg\" target=\"_blank\">\n\t\t\t\t\t\t<span class=\"elementor-screen-only\">Youtube<\/span>\n\t\t\t\t\t\t<i class=\"fab fa-youtube\"><\/i>\t\t\t\t\t<\/a>\n\t\t\t\t<\/div>\n\t\t\t\t\t\t\t<div class=\"elementor-grid-item\">\n\t\t\t\t\t<a class=\"elementor-icon elementor-social-icon elementor-social-icon-facebook-f elementor-repeater-item-3c79c87\" target=\"_blank\">\n\t\t\t\t\t\t<span class=\"elementor-screen-only\">Facebook-f<\/span>\n\t\t\t\t\t\t<i class=\"fab fa-facebook-f\"><\/i>\t\t\t\t\t<\/a>\n\t\t\t\t<\/div>\n\t\t\t\t\t<\/div>\n\t\t\t\t<\/div>\n\t\t\t\t<\/div>\n\t\t\t\t<div class=\"elementor-element elementor-element-146b5ee elementor-widget elementor-widget-heading\" data-id=\"146b5ee\" data-element_type=\"widget\" data-widget_type=\"heading.default\">\n\t\t\t\t<div class=\"elementor-widget-container\">\n\t\t\t<h2 class=\"elementor-heading-title elementor-size-default\">connect with us<\/h2>\t\t<\/div>\n\t\t\t\t<\/div>\n\t\t\t\t\t<\/div>\n\t\t<\/div>\n\t\t\t\t\t\t\t<\/div>\n\t\t<\/section>\n\t\t\t\t\t\t<\/div>\n\t\t\t\t\t<\/div>\n\t\t","protected":false},"excerpt":{"rendered":"<p>SALUD SEXUAL DISFUNCION SEXUAL ERECTIL Las disfunci\u00f3n er\u00e9ctil (DE) es la incapacidad persistente de alcanzar y mantener una erecci\u00f3n suficiente para permitir un desempe\u00f1o sexual satisfactorio. Aunque es un trastorno benigno, afecta la salud f\u00edsica, ps\u00edquica y social y tiene un impacto importante en la calidad de vida de quienes la padecen, de sus parejas &hellip;<\/p>\n<p class=\"read-more\"> <a class=\"\" href=\"https:\/\/drmaximilianoklein.com.ar\/index.php\/saludsexual\/\"> <span class=\"screen-reader-text\">Salud Sexual<\/span> Leer m\u00e1s &raquo;<\/a><\/p>\n","protected":false},"author":1,"featured_media":0,"parent":0,"menu_order":0,"comment_status":"closed","ping_status":"closed","template":"","meta":{"footnotes":""},"class_list":["post-12","page","type-page","status-publish","hentry"],"_links":{"self":[{"href":"https:\/\/drmaximilianoklein.com.ar\/index.php\/wp-json\/wp\/v2\/pages\/12","targetHints":{"allow":["GET"]}}],"collection":[{"href":"https:\/\/drmaximilianoklein.com.ar\/index.php\/wp-json\/wp\/v2\/pages"}],"about":[{"href":"https:\/\/drmaximilianoklein.com.ar\/index.php\/wp-json\/wp\/v2\/types\/page"}],"author":[{"embeddable":true,"href":"https:\/\/drmaximilianoklein.com.ar\/index.php\/wp-json\/wp\/v2\/users\/1"}],"replies":[{"embeddable":true,"href":"https:\/\/drmaximilianoklein.com.ar\/index.php\/wp-json\/wp\/v2\/comments?post=12"}],"version-history":[{"count":20,"href":"https:\/\/drmaximilianoklein.com.ar\/index.php\/wp-json\/wp\/v2\/pages\/12\/revisions"}],"predecessor-version":[{"id":226,"href":"https:\/\/drmaximilianoklein.com.ar\/index.php\/wp-json\/wp\/v2\/pages\/12\/revisions\/226"}],"wp:attachment":[{"href":"https:\/\/drmaximilianoklein.com.ar\/index.php\/wp-json\/wp\/v2\/media?parent=12"}],"curies":[{"name":"wp","href":"https:\/\/api.w.org\/{rel}","templated":true}]}}